{"id":61,"date":"2020-01-23T18:21:52","date_gmt":"2020-01-23T18:21:52","guid":{"rendered":"https:\/\/demosites.io\/web-agency-gb\/?page_id=61"},"modified":"2020-09-09T16:28:36","modified_gmt":"2020-09-09T19:28:36","slug":"d41d8-web-agency-gb-about-us","status":"publish","type":"page","link":"https:\/\/dibellopropiedades.com\/noticias\/","title":{"rendered":"Noticias Inmobiliarias en Z\u00e1rate"},"content":{"rendered":"\n<div class=\"wp-block-themeisle-blocks-advanced-columns alignfull has-2-columns has-desktop-equal-layout has-tablet-equal-layout has-mobile-collapsedRows-layout has-nogap-gap has-vertical-center animated fadeIn\" id=\"wp-block-themeisle-blocks-advanced-columns-00a8bc3d\"><div class=\"wp-block-themeisle-blocks-advanced-columns-overlay\"><\/div><div class=\"innerblocks-wrap\">\n<div class=\"wp-block-themeisle-blocks-advanced-column\" id=\"wp-block-themeisle-blocks-advanced-column-a940b3ff\">\n<figure class=\"wp-block-image size-large is-resized is-style-default\"><img loading=\"lazy\" src=\"https:\/\/dibellopropiedades.com\/noticias\/wp-content\/uploads\/2020\/08\/886ade94-790b-409a-8c52-eb299e60f69e.jpg\" alt=\"\" class=\"wp-image-181\" width=\"583\" height=\"698\" srcset=\"https:\/\/dibellopropiedades.com\/noticias\/wp-content\/uploads\/2020\/08\/886ade94-790b-409a-8c52-eb299e60f69e.jpg 575w, https:\/\/dibellopropiedades.com\/noticias\/wp-content\/uploads\/2020\/08\/886ade94-790b-409a-8c52-eb299e60f69e-251x300.jpg 251w\" sizes=\"(max-width: 583px) 100vw, 583px\" \/><\/figure>\n<\/div>\n\n\n\n<div class=\"wp-block-themeisle-blocks-advanced-column ticss-44eccd86\" id=\"wp-block-themeisle-blocks-advanced-column-ae52a6c0\">\n<h1 class=\"has-white-color has-text-color\" style=\"font-size:25px\"><strong>\u00bfPor qu\u00e9 creamos este portal?<\/strong><\/h1>\n\n\n\n<p class=\"has-white-color has-text-color\" style=\"font-size:19px\">Creemos que la informaci\u00f3n real y de calidad es la clave para que puedas tomar las mejores decisiones en un mercado inmobiliario que nos desaf\u00eda d\u00eda a d\u00eda.<\/p>\n\n\n\n<p class=\"has-white-color has-text-color\" style=\"font-size:19px\">Es por eso que hemos puesto toda nuestra experiencia en traerte los mejores contenidos creados por un grupo interdisciplinario\u00a0de\u00a0 profesionales de variada y larga trayectoria. <\/p>\n<\/div>\n<\/div><\/div>\n\n\n\n<div class=\"wp-block-themeisle-blocks-advanced-columns alignfull has-3-columns has-desktop-equal-layout has-tablet-equal-layout has-mobile-collapsedRows-layout has-wide-gap has-vertical-center animated fadeIn\" id=\"wp-block-themeisle-blocks-advanced-columns-5660b9e4\"><div class=\"wp-block-themeisle-blocks-advanced-columns-overlay\"><\/div><div class=\"innerblocks-wrap\">\n<div class=\"wp-block-themeisle-blocks-advanced-column\" id=\"wp-block-themeisle-blocks-advanced-column-e7bd5b39\">\n<div class=\"wp-block-themeisle-blocks-service\">\n<p class=\"wp-block-themeisle-blocks-font-awesome-icons\" id=\"wp-block-themeisle-blocks-font-awesome-icons-e349bef2\"><span class=\"wp-block-themeisle-blocks-font-awesome-icons-container\"><i class=\"fas fa-check\"><\/i><\/span><\/p>\n\n\n\n<h3 id=\"wp-block-themeisle-blocks-advanced-heading-06a8eb6f\" class=\"wp-block-themeisle-blocks-advanced-heading wp-block-themeisle-blocks-advanced-heading-06a8eb6f\">Buscamos por vos<\/h3>\n\n\n\n<p id=\"wp-block-themeisle-blocks-advanced-heading-13851c23\" class=\"wp-block-themeisle-blocks-advanced-heading wp-block-themeisle-blocks-advanced-heading-13851c23\">Contamos con una plataforma de integraci\u00f3n con colegas ampliando las posibilidades de resolver tu b\u00fasqueda de la manera m\u00e1s eficiente.<\/p>\n<\/div>\n<\/div>\n\n\n\n<div class=\"wp-block-themeisle-blocks-advanced-column\" id=\"wp-block-themeisle-blocks-advanced-column-d94b6081\">\n<p class=\"wp-block-themeisle-blocks-font-awesome-icons\" id=\"wp-block-themeisle-blocks-font-awesome-icons-fff70133\"><span class=\"wp-block-themeisle-blocks-font-awesome-icons-container\"><i class=\"fas fa-check\"><\/i><\/span><\/p>\n\n\n\n<h3 id=\"wp-block-themeisle-blocks-advanced-heading-f6a78ef9\" class=\"wp-block-themeisle-blocks-advanced-heading wp-block-themeisle-blocks-advanced-heading-f6a78ef9\">Gesti\u00f3n de Alquileres<\/h3>\n\n\n\n<p id=\"wp-block-themeisle-blocks-advanced-heading-5e90ef0a\" class=\"wp-block-themeisle-blocks-advanced-heading wp-block-themeisle-blocks-advanced-heading-5e90ef0a\">M\u00e1s de 300 propietarios nos conf\u00edan el cuidado de su inmueble a\u00f1o a a\u00f1o. Nuestra responsabilidad y experiencia &nbsp;nos avalan.<\/p>\n<\/div>\n\n\n\n<div class=\"wp-block-themeisle-blocks-advanced-column\" id=\"wp-block-themeisle-blocks-advanced-column-317f32ab\">\n<p class=\"wp-block-themeisle-blocks-font-awesome-icons\" id=\"wp-block-themeisle-blocks-font-awesome-icons-66ee5aa1\"><span class=\"wp-block-themeisle-blocks-font-awesome-icons-container\"><i class=\"fas fa-check\"><\/i><\/span><\/p>\n\n\n\n<h3 id=\"wp-block-themeisle-blocks-advanced-heading-7295c260\" class=\"wp-block-themeisle-blocks-advanced-heading wp-block-themeisle-blocks-advanced-heading-7295c260\">Referentes en Z\u00e1rate.<\/h3>\n\n\n\n<p id=\"wp-block-themeisle-blocks-advanced-heading-0ef95e3f\" class=\"wp-block-themeisle-blocks-advanced-heading wp-block-themeisle-blocks-advanced-heading-0ef95e3f\">Buscamos y encontramos el inmueble que mejor se adapte a tus necesidades para comprar o alquilar con la tranquilidad que buscabas.<\/p>\n<\/div>\n<\/div><\/div>\n\n\n\n<h2 id=\"wp-block-themeisle-blocks-advanced-heading-5914ec21\" class=\"wp-block-themeisle-blocks-advanced-heading wp-block-themeisle-blocks-advanced-heading-5914ec21\">Te mantenemos informado d\u00eda a d\u00eda.<\/h2>\n\n\n<div class=\"wp-block-themeisle-blocks-posts-grid animated fadeIn is-list has-shadow\"><div class=\"wp-block-themeisle-blocks-posts-grid-post-blog wp-block-themeisle-blocks-posts-grid-post-plain\"><div class=\"wp-block-themeisle-blocks-posts-grid-post\"><div class=\"wp-block-themeisle-blocks-posts-grid-post-image\"><a href=\"https:\/\/dibellopropiedades.com\/noticias\/no-dejes-de-analizar-la-posibilidad-de-obtener-un-credito-hipotecario-para-comprar-tu-nueva-casa\/\"><img src=\"https:\/\/dibellopropiedades.com\/noticias\/wp-content\/uploads\/2020\/09\/FOTO-BLOG-3.jpg\" alt=\"No dejes de analizar la posibilidad de obtener un credito hipotecario para comprar tu nueva casa\" \/><\/a><\/div><div class=\"wp-block-themeisle-blocks-posts-grid-post-body\"><span class=\"wp-block-themeisle-blocks-posts-grid-post-category\">Actualidad<\/span><h5 class=\"wp-block-themeisle-blocks-posts-grid-post-title\"><a href=\"https:\/\/dibellopropiedades.com\/noticias\/no-dejes-de-analizar-la-posibilidad-de-obtener-un-credito-hipotecario-para-comprar-tu-nueva-casa\/\">No dejes de analizar la posibilidad de obtener un credito hipotecario para comprar tu nueva casa<\/a><\/h5><p class=\"wp-block-themeisle-blocks-posts-grid-post-description\">Si tus ingresos mensuales netos o los de tu grupo familiar son equivalentes a USD 1.000 puedes conseguir un credito de USD 50.000!\n\n\n\nhttps:\/\/edicionimpresa.lanacion.com.ar\/@Reader12619934\/csb_xpK9FQY\u2026<\/p><\/div><\/div><\/div><div class=\"wp-block-themeisle-blocks-posts-grid-post-blog wp-block-themeisle-blocks-posts-grid-post-plain\"><div class=\"wp-block-themeisle-blocks-posts-grid-post\"><div class=\"wp-block-themeisle-blocks-posts-grid-post-image\"><a href=\"https:\/\/dibellopropiedades.com\/noticias\/como-deberia-ser-la-casa-de-mis-abuelos-para-que-vivan-mas-y-mejor\/\"><img src=\"https:\/\/dibellopropiedades.com\/noticias\/wp-content\/uploads\/2023\/01\/abuelos-felices-que-pasan-tiempo-con-su-nieta-concepto-de-generaciones-familiares-pasando-una-sonriente-183778806.jpg\" alt=\"C\u00f3mo deber\u00eda ser la casa de mis abuelos&#8230;para que vivan m\u00e1s y mejor?\" \/><\/a><\/div><div class=\"wp-block-themeisle-blocks-posts-grid-post-body\"><span class=\"wp-block-themeisle-blocks-posts-grid-post-category\">Actualidad<\/span><h5 class=\"wp-block-themeisle-blocks-posts-grid-post-title\"><a href=\"https:\/\/dibellopropiedades.com\/noticias\/como-deberia-ser-la-casa-de-mis-abuelos-para-que-vivan-mas-y-mejor\/\">C\u00f3mo deber\u00eda ser la casa de mis abuelos&#8230;para que vivan m\u00e1s y mejor?<\/a><\/h5><p class=\"wp-block-themeisle-blocks-posts-grid-post-description\">Propuestas que tienen su correlato en una \u201cnueva tercera edad\u201d, en la que hombres y mujeres est\u00e1n activos f\u00edsica y mentalmente; con departamentos independientes, disponen de espacios comunes, se\u2026<\/p><\/div><\/div><\/div><div class=\"wp-block-themeisle-blocks-posts-grid-post-blog wp-block-themeisle-blocks-posts-grid-post-plain\"><div class=\"wp-block-themeisle-blocks-posts-grid-post\"><div class=\"wp-block-themeisle-blocks-posts-grid-post-image\"><a href=\"https:\/\/dibellopropiedades.com\/noticias\/las-casas-chorizo\/\"><img src=\"https:\/\/dibellopropiedades.com\/noticias\/wp-content\/uploads\/2022\/10\/casa-Olmos.jpeg\" alt=\"LAS CASAS CHORIZO\" \/><\/a><\/div><div class=\"wp-block-themeisle-blocks-posts-grid-post-body\"><span class=\"wp-block-themeisle-blocks-posts-grid-post-category\">Historia<\/span><h5 class=\"wp-block-themeisle-blocks-posts-grid-post-title\"><a href=\"https:\/\/dibellopropiedades.com\/noticias\/las-casas-chorizo\/\">LAS CASAS CHORIZO<\/a><\/h5><p class=\"wp-block-themeisle-blocks-posts-grid-post-description\">C\u00f3mo eran las casas de antes. Algunos recuerdos de mi infancia en Z\u00e1rate\n\n\n\nNac\u00ed y viv\u00ed en Z\u00e1rate hasta los once a\u00f1os. De all\u00ed vienen mis recuerdos de infancia, entre otros, los de las casas ch\u2026<\/p><\/div><\/div><\/div><div class=\"wp-block-themeisle-blocks-posts-grid-post-blog wp-block-themeisle-blocks-posts-grid-post-plain\"><div class=\"wp-block-themeisle-blocks-posts-grid-post\"><div class=\"wp-block-themeisle-blocks-posts-grid-post-image\"><a href=\"https:\/\/dibellopropiedades.com\/noticias\/oportunidades-que-genera-la-corrida-del-dolar\/\"><img src=\"https:\/\/dibellopropiedades.com\/noticias\/wp-content\/uploads\/2021\/04\/como-resolver-el-problema-stock-propiedades-la-ciudad-buenos-aires.jpg\" alt=\"Oportunidades que genera la corrida del d\u00f3lar\" \/><\/a><\/div><div class=\"wp-block-themeisle-blocks-posts-grid-post-body\"><span class=\"wp-block-themeisle-blocks-posts-grid-post-category\">Actualidad<\/span><h5 class=\"wp-block-themeisle-blocks-posts-grid-post-title\"><a href=\"https:\/\/dibellopropiedades.com\/noticias\/oportunidades-que-genera-la-corrida-del-dolar\/\">Oportunidades que genera la corrida del d\u00f3lar<\/a><\/h5><p class=\"wp-block-themeisle-blocks-posts-grid-post-description\">Invertir en el pozo: mucha gente piensa que si se queda con sus d\u00f3lares pierde m\u00e1s del 9% anual por la inflaci\u00f3n en USA. Alternativamente, muchos prefieren invertir en el pozo apostando a que cuand\u2026<\/p><\/div><\/div><\/div><div class=\"wp-block-themeisle-blocks-posts-grid-post-blog wp-block-themeisle-blocks-posts-grid-post-plain\"><div class=\"wp-block-themeisle-blocks-posts-grid-post\"><div class=\"wp-block-themeisle-blocks-posts-grid-post-image\"><a href=\"https:\/\/dibellopropiedades.com\/noticias\/las-viviendas-usadas-bajaron-un-25-y-las-nuevas-un-15-pero-el-mercado-bonaerense-sigue-sin-repuntar\/\"><img src=\"https:\/\/dibellopropiedades.com\/noticias\/wp-content\/uploads\/2021\/01\/posteo-14.01.21-foto.jpg\" alt=\"Las viviendas usadas bajaron un 25% y las nuevas un 15%, pero el mercado bonaerense sigue sin repuntar\" \/><\/a><\/div><div class=\"wp-block-themeisle-blocks-posts-grid-post-body\"><span class=\"wp-block-themeisle-blocks-posts-grid-post-category\">Actualidad<\/span><h5 class=\"wp-block-themeisle-blocks-posts-grid-post-title\"><a href=\"https:\/\/dibellopropiedades.com\/noticias\/las-viviendas-usadas-bajaron-un-25-y-las-nuevas-un-15-pero-el-mercado-bonaerense-sigue-sin-repuntar\/\">Las viviendas usadas bajaron un 25% y las nuevas un 15%, pero el mercado bonaerense sigue sin repuntar<\/a><\/h5><p class=\"wp-block-themeisle-blocks-posts-grid-post-description\">Expertos sostienen que hay buenas opciones para quien dispone de ahorros estimando que los valores ya no descender\u00edan tanto\n\n\n\nhttps:\/\/www.infobae.com\/economia\/2022\/04\/19\/las-viviendas-usadas-bajaron\u2026<\/p><\/div><\/div><\/div><\/div>\n\n\n<p><\/p>\n","protected":false},"excerpt":{"rendered":"","protected":false},"author":1,"featured_media":131,"parent":0,"menu_order":0,"comment_status":"closed","ping_status":"closed","template":"","meta":[],"_links":{"self":[{"href":"https:\/\/dibellopropiedades.com\/noticias\/wp-json\/wp\/v2\/pages\/61"}],"collection":[{"href":"https:\/\/dibellopropiedades.com\/noticias\/wp-json\/wp\/v2\/pages"}],"about":[{"href":"https:\/\/dibellopropiedades.com\/noticias\/wp-json\/wp\/v2\/types\/page"}],"author":[{"embeddable":true,"href":"https:\/\/dibellopropiedades.com\/noticias\/wp-json\/wp\/v2\/users\/1"}],"replies":[{"embeddable":true,"href":"https:\/\/dibellopropiedades.com\/noticias\/wp-json\/wp\/v2\/comments?post=61"}],"version-history":[{"count":7,"href":"https:\/\/dibellopropiedades.com\/noticias\/wp-json\/wp\/v2\/pages\/61\/revisions"}],"predecessor-version":[{"id":192,"href":"https:\/\/dibellopropiedades.com\/noticias\/wp-json\/wp\/v2\/pages\/61\/revisions\/192"}],"wp:featuredmedia":[{"embeddable":true,"href":"https:\/\/dibellopropiedades.com\/noticias\/wp-json\/wp\/v2\/media\/131"}],"wp:attachment":[{"href":"https:\/\/dibellopropiedades.com\/noticias\/wp-json\/wp\/v2\/media?parent=61"}],"curies":[{"name":"wp","href":"https:\/\/api.w.org\/{rel}","templated":true}]}}